{"id":1201,"date":"2016-05-17T13:14:02","date_gmt":"2016-05-17T13:14:02","guid":{"rendered":"http:\/\/horrido.info\/?page_id=1201"},"modified":"2016-05-23T13:31:43","modified_gmt":"2016-05-23T13:31:43","slug":"ueber-den-verein","status":"publish","type":"page","link":"https:\/\/horrido.info\/?page_id=1201","title":{"rendered":"\u00dcber den Verein"},"content":{"rendered":"<p><strong>Zur Entstehung:<\/strong><\/p>\n<p>Der Sch\u00fctzenverein Lengerich-Dorf wurde im Jahre des Herrn 1634 gegr\u00fcndet. Das heutige Volksfest hatte zur damaligen Zeit einen sehr ernsten Hintergrund, denn Mitte des 17. Jahrhunderts mussten sich die B\u00fcrger Lengerichs in der Not mit Waffengewalt gegen feindliche \u00dcbergriffe wehren. Jedes Mitglied hatte sich demnach mit einem Gewehr auszur\u00fcsten und man traf sich fortan j\u00e4hrlich, gew\u00f6hnlich im Mai, zum sogenannten Vogelschie\u00dfen, um den Umgang mit der Waffe und die Treffsicherheit zu \u00fcben. Im Laufe der Zeit verlor das Vogelschie\u00dfen jedoch nach und nach seine urspr\u00fcngliche Funktion und es wurde schlie\u00dflich zu einem fr\u00f6hlichen Volksfest, an dessen Ende der beste Sch\u00fctze die K\u00f6nigsw\u00fcrde erlangte und diese ein Jahr lang innehatte. Um dem j\u00e4hrlichen Sch\u00fctzenk\u00f6nig ein w\u00fcrdevolles Auftreten zu erm\u00f6glichen, erhielt der Sch\u00fctzenverein Lengerich-Dorf am 7. Juli 1863 von seiner damaligen Majest\u00e4t K\u00f6nig Georg V. von Hannover eine Schenkung \u00fcber ein Brustschild und eine Kette mit Vogel aus Silber, die fortan jeder regierende Sch\u00fctzenk\u00f6nig zu tragen hatte.<\/p>\n<p>&nbsp;<\/p>\n<p><strong>Zweiter Weltkrieg:<\/strong><\/p>\n<figure id=\"attachment_2971\" aria-describedby=\"caption-attachment-2971\" style=\"width: 150px\" class=\"wp-caption alignright\"><a href=\"http:\/\/horrido.info\/wp-content\/uploads\/2016\/05\/DSC00362-15018.jpg\" rel=\"lightbox[1201]\"><img loading=\"lazy\" decoding=\"async\" class=\"wp-image-2971 size-thumbnail\" src=\"http:\/\/horrido.info\/wp-content\/uploads\/2016\/05\/DSC00362-15018-150x150.jpg\" width=\"150\" height=\"150\" srcset=\"https:\/\/horrido.info\/wp-content\/uploads\/2016\/05\/DSC00362-15018-150x150.jpg 150w, https:\/\/horrido.info\/wp-content\/uploads\/2016\/05\/DSC00362-15018-230x230.jpg 230w, https:\/\/horrido.info\/wp-content\/uploads\/2016\/05\/DSC00362-15018-365x365.jpg 365w\" sizes=\"auto, (max-width: 150px) 100vw, 150px\" \/><\/a><figcaption id=\"caption-attachment-2971\" class=\"wp-caption-text\">Rekonstruktion des Brustschildes aus dem Jahr 1950<\/figcaption><\/figure>\n<p>Gegen Ende des Zweiten Weltkriegs war im\u00a0Emsland ein niederl\u00e4ndischer Offizier stationiert, der sich im Verlaufe des Krieges der Royal Air Force angeschlossen hatte. Als Offizier der britischen Besatzungsmacht nahm dieser schlie\u00dflich das kostbare Brustschild mit Kette an sich. N\u00e4here Einzelheiten sind jedoch nicht bekannt. Fortan fehlte dem Sch\u00fctzenverein jedoch der Silberschmuck. Nur kurze Zeit sp\u00e4ter im Jahr 1950 fertigte der Sch\u00fctzenverein allerdings eine Replik an, um den Sch\u00fctzenk\u00f6nig weiterhin ehrenvoll ausstatten zu k\u00f6nnen.<\/p>\n<p>&nbsp;<\/p>\n<p><strong>Heute:<\/strong><\/p>\n<p>Im Mai 2011 bekam der Pr\u00e4sident des Sch\u00fctzenvereins Lengerich-Dorf einen Anruf des Pr\u00e4sidenten des befreundeten B\u00fcrgersch\u00fctzenvereins aus Lengerich in Westfalen. Dieser hatte eine E-Mail mit einem Schreiben und Fotos eines Brustschildes mit Kette aus den Niederlanden erhalten. Der Sch\u00fctzenverein aus Lengerich-Westfalen vermisste jedoch keinen Silberschmuck, sodass schnell die Erkenntnis wuchs, dass es sich wohl um den vermissten Silberschmuck des Sch\u00fctzenvereins Lengerich-Dorf im Emsland handeln k\u00f6nnte. Nach dem Austausch von Fotos blieben letztlich keine Zweifel: Bei den Fundst\u00fccken handelte es sich um das original-historische Brustschild mit Kette. Die Freude war gro\u00df, nach 66 Jahren konnte der Silberschmuck wieder in die Heimat zur\u00fcckkehren. Diese Nachricht ging schlie\u00dflich durch die Medien. Zun\u00e4chst wurde es im Emslandmuseum in Lingen ausgestellt und nach einer Reinigung und Instandsetzung wird das Brustschild mit Kette seit 2012 wieder seinem urspr\u00fcnglichen Sinn zugef\u00fchrt und dem Sch\u00fctzenk\u00f6nig umgeh\u00e4ngt.<\/p>\n<figure id=\"attachment_3312\" aria-describedby=\"caption-attachment-3312\" style=\"width: 600px\" class=\"wp-caption aligncenter\"><a href=\"http:\/\/horrido.info\/wp-content\/uploads\/2016\/05\/Zeitungsbericht.jpg\" rel=\"lightbox[1201]\"><img loading=\"lazy\" decoding=\"async\" class=\"wp-image-3312 size-full\" src=\"http:\/\/horrido.info\/wp-content\/uploads\/2016\/05\/Zeitungsbericht.jpg\" alt=\"Zeitungsbericht\" width=\"600\" height=\"662\" srcset=\"https:\/\/horrido.info\/wp-content\/uploads\/2016\/05\/Zeitungsbericht.jpg 600w, https:\/\/horrido.info\/wp-content\/uploads\/2016\/05\/Zeitungsbericht-453x500.jpg 453w\" sizes=\"auto, (max-width: 600px) 100vw, 600px\" \/><\/a><figcaption id=\"caption-attachment-3312\" class=\"wp-caption-text\">Zeitungsbericht in der Lingener Tagespost \u00fcber die R\u00fcckkehr der K\u00f6nigskette<\/figcaption><\/figure>\n","protected":false},"excerpt":{"rendered":"<p>Zur Entstehung: Der Sch\u00fctzenverein Lengerich-Dorf wurde im Jahre des Herrn 1634 gegr\u00fcndet. Das heutige Volksfest hatte zur damaligen Zeit einen sehr ernsten Hintergrund, denn Mitte des 17. Jahrhunderts mussten sich die B\u00fcrger Lengerichs in der Not mit Waffengewalt gegen feindliche<\/p>\n","protected":false},"author":1,"featured_media":0,"parent":0,"menu_order":0,"comment_status":"closed","ping_status":"closed","template":"","meta":{"footnotes":""},"class_list":["post-1201","page","type-page","status-publish","hentry"],"_links":{"self":[{"href":"https:\/\/horrido.info\/index.php?rest_route=\/wp\/v2\/pages\/1201","targetHints":{"allow":["GET"]}}],"collection":[{"href":"https:\/\/horrido.info\/index.php?rest_route=\/wp\/v2\/pages"}],"about":[{"href":"https:\/\/horrido.info\/index.php?rest_route=\/wp\/v2\/types\/page"}],"author":[{"embeddable":true,"href":"https:\/\/horrido.info\/index.php?rest_route=\/wp\/v2\/users\/1"}],"replies":[{"embeddable":true,"href":"https:\/\/horrido.info\/index.php?rest_route=%2Fwp%2Fv2%2Fcomments&post=1201"}],"version-history":[{"count":10,"href":"https:\/\/horrido.info\/index.php?rest_route=\/wp\/v2\/pages\/1201\/revisions"}],"predecessor-version":[{"id":3358,"href":"https:\/\/horrido.info\/index.php?rest_route=\/wp\/v2\/pages\/1201\/revisions\/3358"}],"wp:attachment":[{"href":"https:\/\/horrido.info\/index.php?rest_route=%2Fwp%2Fv2%2Fmedia&parent=1201"}],"curies":[{"name":"wp","href":"https:\/\/api.w.org\/{rel}","templated":true}]}}