{"id":3320,"date":"2016-05-23T13:06:17","date_gmt":"2016-05-23T13:06:17","guid":{"rendered":"http:\/\/horrido.info\/?page_id=3320"},"modified":"2016-05-23T13:13:03","modified_gmt":"2016-05-23T13:13:03","slug":"bau-des-thronwagens","status":"publish","type":"page","link":"https:\/\/horrido.info\/?page_id=3320","title":{"rendered":"Bau des Thronwagens"},"content":{"rendered":"<p><a href=\"http:\/\/horrido.info\/?page_id=53\" rel=\"prev\"><span class=\"meta-nav\">\u2190<\/span> Historisches<\/a><\/p>\n<p>Im Jahre\u00a01983 wurde der Thronwagen gebaut. Die Architektonische Leitung hatte der damalige 1. Vorsitzende (Pr\u00e4sident) und sp\u00e4tere Ehrenpr\u00e4sident Hubert Placke.\u00a0Im folgenden sind einige Bilder \u00fcber den Bau des Thronwagens zu sehen.<\/p>\n<figure id=\"attachment_3326\" aria-describedby=\"caption-attachment-3326\" style=\"width: 531px\" class=\"wp-caption aligncenter\"><a href=\"http:\/\/horrido.info\/wp-content\/uploads\/2016\/05\/5-1.jpg\" rel=\"lightbox[3320]\"><img loading=\"lazy\" decoding=\"async\" class=\"size-full wp-image-3326\" src=\"http:\/\/horrido.info\/wp-content\/uploads\/2016\/05\/5-1.jpg\" alt=\"Hintere Reihe von links:Schmidt Heinz, Gerdes Peter, Brinkmann Bernd, Kalmer Josef, Siepker Hans Vordere Reihe von links: Kenning Herman, Placke Hubert\" width=\"531\" height=\"499\" srcset=\"https:\/\/horrido.info\/wp-content\/uploads\/2016\/05\/5-1.jpg 531w, https:\/\/horrido.info\/wp-content\/uploads\/2016\/05\/5-1-500x470.jpg 500w\" sizes=\"auto, (max-width: 531px) 100vw, 531px\" \/><\/a><figcaption id=\"caption-attachment-3326\" class=\"wp-caption-text\">Hintere Reihe von links: Schmidt Heinz, Gerdes Peter, Brinkmann Bernd, Kalmer Josef, Siepker Hans<br \/>Vordere Reihe von links: Kenning Herman, Placke Hubert<\/figcaption><\/figure>\n<div id='gallery-1' class='gallery galleryid-3320 gallery-columns-2 gallery-size-medium'><figure class='gallery-item'>\n\t\t\t<div class='gallery-icon landscape'>\n\t\t\t\t<a href='https:\/\/horrido.info\/wp-content\/uploads\/2016\/05\/10-1.jpg' rel=\"lightbox[3320]\"><img loading=\"lazy\" decoding=\"async\" width=\"375\" height=\"239\" src=\"https:\/\/horrido.info\/wp-content\/uploads\/2016\/05\/10-1.jpg\" class=\"attachment-medium size-medium\" alt=\"\" \/><\/a>\n\t\t\t<\/div><\/figure><figure class='gallery-item'>\n\t\t\t<div class='gallery-icon landscape'>\n\t\t\t\t<a href='https:\/\/horrido.info\/wp-content\/uploads\/2016\/05\/9-1.jpg' rel=\"lightbox[3320]\"><img loading=\"lazy\" decoding=\"async\" width=\"329\" height=\"255\" src=\"https:\/\/horrido.info\/wp-content\/uploads\/2016\/05\/9-1.jpg\" class=\"attachment-medium size-medium\" alt=\"\" \/><\/a>\n\t\t\t<\/div><\/figure><figure class='gallery-item'>\n\t\t\t<div class='gallery-icon landscape'>\n\t\t\t\t<a href='https:\/\/horrido.info\/wp-content\/uploads\/2016\/05\/8.jpg' rel=\"lightbox[3320]\"><img loading=\"lazy\" decoding=\"async\" width=\"375\" height=\"245\" src=\"https:\/\/horrido.info\/wp-content\/uploads\/2016\/05\/8.jpg\" class=\"attachment-medium size-medium\" alt=\"\" \/><\/a>\n\t\t\t<\/div><\/figure><figure class='gallery-item'>\n\t\t\t<div class='gallery-icon landscape'>\n\t\t\t\t<a href='https:\/\/horrido.info\/wp-content\/uploads\/2016\/05\/7-75.jpg' rel=\"lightbox[3320]\"><img loading=\"lazy\" decoding=\"async\" width=\"361\" height=\"255\" src=\"https:\/\/horrido.info\/wp-content\/uploads\/2016\/05\/7-75.jpg\" class=\"attachment-medium size-medium\" alt=\"\" \/><\/a>\n\t\t\t<\/div><\/figure><figure class='gallery-item'>\n\t\t\t<div class='gallery-icon landscape'>\n\t\t\t\t<a href='https:\/\/horrido.info\/wp-content\/uploads\/2016\/05\/6.jpg' rel=\"lightbox[3320]\"><img loading=\"lazy\" decoding=\"async\" width=\"375\" height=\"248\" src=\"https:\/\/horrido.info\/wp-content\/uploads\/2016\/05\/6.jpg\" class=\"attachment-medium size-medium\" alt=\"\" \/><\/a>\n\t\t\t<\/div><\/figure><figure class='gallery-item'>\n\t\t\t<div class='gallery-icon landscape'>\n\t\t\t\t<a href='https:\/\/horrido.info\/wp-content\/uploads\/2016\/05\/4-1.jpg' rel=\"lightbox[3320]\"><img loading=\"lazy\" decoding=\"async\" width=\"370\" height=\"255\" src=\"https:\/\/horrido.info\/wp-content\/uploads\/2016\/05\/4-1.jpg\" class=\"attachment-medium size-medium\" alt=\"\" \/><\/a>\n\t\t\t<\/div><\/figure><figure class='gallery-item'>\n\t\t\t<div class='gallery-icon landscape'>\n\t\t\t\t<a href='https:\/\/horrido.info\/wp-content\/uploads\/2016\/05\/3-4.jpg' rel=\"lightbox[3320]\"><img loading=\"lazy\" decoding=\"async\" width=\"375\" height=\"254\" src=\"https:\/\/horrido.info\/wp-content\/uploads\/2016\/05\/3-4.jpg\" class=\"attachment-medium size-medium\" alt=\"\" \/><\/a>\n\t\t\t<\/div><\/figure><figure class='gallery-item'>\n\t\t\t<div class='gallery-icon landscape'>\n\t\t\t\t<a href='https:\/\/horrido.info\/wp-content\/uploads\/2016\/05\/2-36.jpg' rel=\"lightbox[3320]\"><img loading=\"lazy\" decoding=\"async\" width=\"375\" height=\"251\" src=\"https:\/\/horrido.info\/wp-content\/uploads\/2016\/05\/2-36.jpg\" class=\"attachment-medium size-medium\" alt=\"\" \/><\/a>\n\t\t\t<\/div><\/figure><figure class='gallery-item'>\n\t\t\t<div class='gallery-icon landscape'>\n\t\t\t\t<a href='https:\/\/horrido.info\/wp-content\/uploads\/2016\/05\/1-40.jpg' rel=\"lightbox[3320]\"><img loading=\"lazy\" decoding=\"async\" width=\"375\" height=\"251\" src=\"https:\/\/horrido.info\/wp-content\/uploads\/2016\/05\/1-40.jpg\" class=\"attachment-medium size-medium\" alt=\"\" \/><\/a>\n\t\t\t<\/div><\/figure><figure class='gallery-item'>\n\t\t\t<div class='gallery-icon landscape'>\n\t\t\t\t<a href='https:\/\/horrido.info\/wp-content\/uploads\/2016\/05\/11-1.jpg' rel=\"lightbox[3320]\"><img loading=\"lazy\" decoding=\"async\" width=\"375\" height=\"246\" src=\"https:\/\/horrido.info\/wp-content\/uploads\/2016\/05\/11-1.jpg\" class=\"attachment-medium size-medium\" alt=\"\" \/><\/a>\n\t\t\t<\/div><\/figure>\n\t\t<\/div>\n\n","protected":false},"excerpt":{"rendered":"<p>\u2190 Historisches Im Jahre\u00a01983 wurde der Thronwagen gebaut. Die Architektonische Leitung hatte der damalige 1. Vorsitzende (Pr\u00e4sident) und sp\u00e4tere Ehrenpr\u00e4sident Hubert Placke.\u00a0Im folgenden sind einige Bilder \u00fcber den Bau des Thronwagens zu sehen.<\/p>\n","protected":false},"author":1,"featured_media":0,"parent":0,"menu_order":0,"comment_status":"closed","ping_status":"closed","template":"","meta":{"footnotes":""},"class_list":["post-3320","page","type-page","status-publish","hentry"],"_links":{"self":[{"href":"https:\/\/horrido.info\/index.php?rest_route=\/wp\/v2\/pages\/3320","targetHints":{"allow":["GET"]}}],"collection":[{"href":"https:\/\/horrido.info\/index.php?rest_route=\/wp\/v2\/pages"}],"about":[{"href":"https:\/\/horrido.info\/index.php?rest_route=\/wp\/v2\/types\/page"}],"author":[{"embeddable":true,"href":"https:\/\/horrido.info\/index.php?rest_route=\/wp\/v2\/users\/1"}],"replies":[{"embeddable":true,"href":"https:\/\/horrido.info\/index.php?rest_route=%2Fwp%2Fv2%2Fcomments&post=3320"}],"version-history":[{"count":2,"href":"https:\/\/horrido.info\/index.php?rest_route=\/wp\/v2\/pages\/3320\/revisions"}],"predecessor-version":[{"id":3336,"href":"https:\/\/horrido.info\/index.php?rest_route=\/wp\/v2\/pages\/3320\/revisions\/3336"}],"wp:attachment":[{"href":"https:\/\/horrido.info\/index.php?rest_route=%2Fwp%2Fv2%2Fmedia&parent=3320"}],"curies":[{"name":"wp","href":"https:\/\/api.w.org\/{rel}","templated":true}]}}