{"id":3377,"date":"2016-05-23T13:50:59","date_gmt":"2016-05-23T13:50:59","guid":{"rendered":"http:\/\/horrido.info\/?page_id=3377"},"modified":"2016-05-23T13:53:26","modified_gmt":"2016-05-23T13:53:26","slug":"zeitungsartikel-aus-dem-jahr-1930","status":"publish","type":"page","link":"https:\/\/horrido.info\/?page_id=3377","title":{"rendered":"Zeitungsartikel aus dem Jahr 1930"},"content":{"rendered":"<p><a href=\"http:\/\/horrido.info\/?page_id=53\" rel=\"prev\"><span class=\"meta-nav\">\u2190<\/span> Historisches<\/a><\/p>\n<figure id=\"attachment_3373\" aria-describedby=\"caption-attachment-3373\" style=\"width: 590px\" class=\"wp-caption alignnone\"><a href=\"http:\/\/horrido.info\/wp-content\/uploads\/2016\/05\/sf_1930.jpg\" rel=\"lightbox[3377]\"><img loading=\"lazy\" decoding=\"async\" class=\"size-full wp-image-3373\" src=\"http:\/\/horrido.info\/wp-content\/uploads\/2016\/05\/sf_1930.jpg\" alt=\"Sch\u00fctzenfestumzug im Jahre 1930 des Sch\u00fctzenvereins Lengerich-Dorf mit dem Sch\u00fctzenk\u00f6nig Anton B\u00f6ckmann. Neben dem Sch\u00fctzenverein Lengerich--Dorf gab und gibt es noch den Sch\u00fctzenverein Lengerich-Bauerschaft. Noch heute wird jedes Jahr traditionsgem\u00e4\u00df Sch\u00fctzenfest gefeiert.  (Qelle: Heimatarchiv)\" width=\"590\" height=\"403\" srcset=\"https:\/\/horrido.info\/wp-content\/uploads\/2016\/05\/sf_1930.jpg 590w, https:\/\/horrido.info\/wp-content\/uploads\/2016\/05\/sf_1930-500x342.jpg 500w\" sizes=\"auto, (max-width: 590px) 100vw, 590px\" \/><\/a><figcaption id=\"caption-attachment-3373\" class=\"wp-caption-text\">Sch\u00fctzenfestumzug im Jahre 1930 des Sch\u00fctzenvereins Lengerich-Dorf mit dem Sch\u00fctzenk\u00f6nig Anton B\u00f6ckmann. Neben dem Sch\u00fctzenverein Lengerich&#8211;Dorf gab und gibt es noch den Sch\u00fctzenverein Lengerich-Bauerschaft. Noch heute wird jedes Jahr traditionsgem\u00e4\u00df Sch\u00fctzenfest gefeiert.<br \/>(Qelle: Heimatarchiv)<\/figcaption><\/figure>\n","protected":false},"excerpt":{"rendered":"<p>\u2190 Historisches<\/p>\n","protected":false},"author":1,"featured_media":0,"parent":0,"menu_order":0,"comment_status":"closed","ping_status":"closed","template":"","meta":{"footnotes":""},"class_list":["post-3377","page","type-page","status-publish","hentry"],"_links":{"self":[{"href":"https:\/\/horrido.info\/index.php?rest_route=\/wp\/v2\/pages\/3377","targetHints":{"allow":["GET"]}}],"collection":[{"href":"https:\/\/horrido.info\/index.php?rest_route=\/wp\/v2\/pages"}],"about":[{"href":"https:\/\/horrido.info\/index.php?rest_route=\/wp\/v2\/types\/page"}],"author":[{"embeddable":true,"href":"https:\/\/horrido.info\/index.php?rest_route=\/wp\/v2\/users\/1"}],"replies":[{"embeddable":true,"href":"https:\/\/horrido.info\/index.php?rest_route=%2Fwp%2Fv2%2Fcomments&post=3377"}],"version-history":[{"count":2,"href":"https:\/\/horrido.info\/index.php?rest_route=\/wp\/v2\/pages\/3377\/revisions"}],"predecessor-version":[{"id":3382,"href":"https:\/\/horrido.info\/index.php?rest_route=\/wp\/v2\/pages\/3377\/revisions\/3382"}],"wp:attachment":[{"href":"https:\/\/horrido.info\/index.php?rest_route=%2Fwp%2Fv2%2Fmedia&parent=3377"}],"curies":[{"name":"wp","href":"https:\/\/api.w.org\/{rel}","templated":true}]}}