{"id":3570,"date":"2016-08-02T18:13:25","date_gmt":"2016-08-02T18:13:25","guid":{"rendered":"http:\/\/horrido.info\/?page_id=3570"},"modified":"2016-08-11T18:45:44","modified_gmt":"2016-08-11T18:45:44","slug":"montag-2016","status":"publish","type":"page","link":"https:\/\/horrido.info\/?page_id=3570","title":{"rendered":"Montag 2016"},"content":{"rendered":"<p><a href=\"http:\/\/horrido.info\/?page_id=3561\" rel=\"prev\"><span class=\"meta-nav\">\u2190<\/span> Fotos aus dem Jahr 2016<\/a><\/p>\n<p>&nbsp;<\/p>\n<ul>\n<li><a href=\"http:\/\/horrido.info\/?page_id=4204\">Antreten auf dem Marktplatz, Fahnenweihe &amp; Altenheim<\/a><\/li>\n<\/ul>\n<ul>\n<li><a href=\"http:\/\/horrido.info\/?page_id=4206\">K\u00f6nigschie\u00dfen und Parademarsch<\/a><\/li>\n<\/ul>\n<ul>\n<li><a href=\"http:\/\/horrido.info\/?page_id=4211\">K\u00f6nigsball Teil 1<\/a><\/li>\n<\/ul>\n<ul>\n<li><a href=\"http:\/\/horrido.info\/?page_id=4218\">K\u00f6nigsball Teil 2<\/a><\/li>\n<\/ul>\n<p>&nbsp;<\/p>\n<p>&nbsp;<\/p>\n","protected":false},"excerpt":{"rendered":"<p>\u2190 Fotos aus dem Jahr 2016 &nbsp; Antreten auf dem Marktplatz, Fahnenweihe &amp; Altenheim K\u00f6nigschie\u00dfen und Parademarsch K\u00f6nigsball Teil 1 K\u00f6nigsball Teil 2 &nbsp; &nbsp;<\/p>\n","protected":false},"author":1,"featured_media":0,"parent":0,"menu_order":0,"comment_status":"closed","ping_status":"closed","template":"","meta":{"footnotes":""},"class_list":["post-3570","page","type-page","status-publish","hentry"],"_links":{"self":[{"href":"https:\/\/horrido.info\/index.php?rest_route=\/wp\/v2\/pages\/3570","targetHints":{"allow":["GET"]}}],"collection":[{"href":"https:\/\/horrido.info\/index.php?rest_route=\/wp\/v2\/pages"}],"about":[{"href":"https:\/\/horrido.info\/index.php?rest_route=\/wp\/v2\/types\/page"}],"author":[{"embeddable":true,"href":"https:\/\/horrido.info\/index.php?rest_route=\/wp\/v2\/users\/1"}],"replies":[{"embeddable":true,"href":"https:\/\/horrido.info\/index.php?rest_route=%2Fwp%2Fv2%2Fcomments&post=3570"}],"version-history":[{"count":10,"href":"https:\/\/horrido.info\/index.php?rest_route=\/wp\/v2\/pages\/3570\/revisions"}],"predecessor-version":[{"id":4226,"href":"https:\/\/horrido.info\/index.php?rest_route=\/wp\/v2\/pages\/3570\/revisions\/4226"}],"wp:attachment":[{"href":"https:\/\/horrido.info\/index.php?rest_route=%2Fwp%2Fv2%2Fmedia&parent=3570"}],"curies":[{"name":"wp","href":"https:\/\/api.w.org\/{rel}","templated":true}]}}