{"id":4661,"date":"2017-08-18T20:12:21","date_gmt":"2017-08-18T20:12:21","guid":{"rendered":"http:\/\/horrido.info\/?page_id=4661"},"modified":"2019-08-25T12:33:13","modified_gmt":"2019-08-25T12:33:13","slug":"koenigsschuss-2017","status":"publish","type":"page","link":"https:\/\/horrido.info\/?page_id=4661","title":{"rendered":"K\u00f6nigsschuss 2017"},"content":{"rendered":"<p><a href=\"http:\/\/horrido.info\/?page_id=4492\" rel=\"prev\"><span class=\"meta-nav\">\u2190<\/span> Fotos aus dem Jahr 2017<\/a><\/p>\n<p>Hier noch einmal der entscheidende Schuss von Unserer Majest\u00e4t Ludger Stoll im spannenden K\u00f6nigsschie\u00dfen 2017:<\/p>\n<div style=\"width: 720px;\" class=\"wp-video\"><video class=\"wp-video-shortcode\" id=\"video-4661-1\" width=\"720\" height=\"405\" preload=\"metadata\" controls=\"controls\"><source type=\"video\/mp4\" src=\"http:\/\/horrido.info\/wp-content\/uploads\/2017\/08\/K\u00f6nigsschuss-2017.mp4?_=1\" \/><a href=\"http:\/\/horrido.info\/wp-content\/uploads\/2017\/08\/K\u00f6nigsschuss-2017.mp4\">http:\/\/horrido.info\/wp-content\/uploads\/2017\/08\/K\u00f6nigsschuss-2017.mp4<\/a><\/video><\/div>\n","protected":false},"excerpt":{"rendered":"<p>\u2190 Fotos aus dem Jahr 2017 Hier noch einmal der entscheidende Schuss von Unserer Majest\u00e4t Ludger Stoll im spannenden K\u00f6nigsschie\u00dfen 2017:<\/p>\n","protected":false},"author":1,"featured_media":0,"parent":0,"menu_order":0,"comment_status":"closed","ping_status":"closed","template":"","meta":{"footnotes":""},"class_list":["post-4661","page","type-page","status-publish","hentry"],"_links":{"self":[{"href":"https:\/\/horrido.info\/index.php?rest_route=\/wp\/v2\/pages\/4661","targetHints":{"allow":["GET"]}}],"collection":[{"href":"https:\/\/horrido.info\/index.php?rest_route=\/wp\/v2\/pages"}],"about":[{"href":"https:\/\/horrido.info\/index.php?rest_route=\/wp\/v2\/types\/page"}],"author":[{"embeddable":true,"href":"https:\/\/horrido.info\/index.php?rest_route=\/wp\/v2\/users\/1"}],"replies":[{"embeddable":true,"href":"https:\/\/horrido.info\/index.php?rest_route=%2Fwp%2Fv2%2Fcomments&post=4661"}],"version-history":[{"count":2,"href":"https:\/\/horrido.info\/index.php?rest_route=\/wp\/v2\/pages\/4661\/revisions"}],"predecessor-version":[{"id":6375,"href":"https:\/\/horrido.info\/index.php?rest_route=\/wp\/v2\/pages\/4661\/revisions\/6375"}],"wp:attachment":[{"href":"https:\/\/horrido.info\/index.php?rest_route=%2Fwp%2Fv2%2Fmedia&parent=4661"}],"curies":[{"name":"wp","href":"https:\/\/api.w.org\/{rel}","templated":true}]}}