{"id":53,"date":"2016-05-17T09:42:02","date_gmt":"2016-05-17T09:42:02","guid":{"rendered":"http:\/\/horrido.info\/?page_id=53"},"modified":"2017-06-19T12:21:13","modified_gmt":"2017-06-19T12:21:13","slug":"historisches","status":"publish","type":"page","link":"https:\/\/horrido.info\/?page_id=53","title":{"rendered":"Historisches"},"content":{"rendered":"<p>&nbsp;<\/p>\n<ul>\n<li><a href=\"http:\/\/horrido.info\/?page_id=3377\">Zeitungsartikel aus dem Jahr 1930<\/a><\/li>\n<\/ul>\n<ul>\n<li><a href=\"http:\/\/horrido.info\/?page_id=3366\">Zeitungsbericht aus dem Jahr 1957<\/a><\/li>\n<\/ul>\n<ul>\n<li><a href=\"http:\/\/horrido.info\/?page_id=3320\">Bau des Thronwagens<\/a><\/li>\n<\/ul>\n<ul>\n<li><a href=\"http:\/\/horrido.info\/?page_id=3353\">Aussuchen und Fahnenweihe der neuen Fahne<\/a><\/li>\n<\/ul>\n<ul>\n<li><a href=\"http:\/\/horrido.info\/?page_id=3337\">R\u00fcckkehr der K\u00f6nigskette<\/a><\/li>\n<\/ul>\n<ul>\n<li><a href=\"http:\/\/horrido.info\/?page_id=4313\">Fotos der historischen K\u00f6nigskette und Plaketen bis 1939<\/a><\/li>\n<\/ul>\n<p>&nbsp;<\/p>\n","protected":false},"excerpt":{"rendered":"<p>&nbsp; Zeitungsartikel aus dem Jahr 1930 Zeitungsbericht aus dem Jahr 1957 Bau des Thronwagens Aussuchen und Fahnenweihe der neuen Fahne R\u00fcckkehr der K\u00f6nigskette Fotos der historischen K\u00f6nigskette und Plaketen bis 1939 &nbsp;<\/p>\n","protected":false},"author":1,"featured_media":0,"parent":0,"menu_order":0,"comment_status":"closed","ping_status":"closed","template":"","meta":{"footnotes":""},"class_list":["post-53","page","type-page","status-publish","hentry"],"_links":{"self":[{"href":"https:\/\/horrido.info\/index.php?rest_route=\/wp\/v2\/pages\/53","targetHints":{"allow":["GET"]}}],"collection":[{"href":"https:\/\/horrido.info\/index.php?rest_route=\/wp\/v2\/pages"}],"about":[{"href":"https:\/\/horrido.info\/index.php?rest_route=\/wp\/v2\/types\/page"}],"author":[{"embeddable":true,"href":"https:\/\/horrido.info\/index.php?rest_route=\/wp\/v2\/users\/1"}],"replies":[{"embeddable":true,"href":"https:\/\/horrido.info\/index.php?rest_route=%2Fwp%2Fv2%2Fcomments&post=53"}],"version-history":[{"count":7,"href":"https:\/\/horrido.info\/index.php?rest_route=\/wp\/v2\/pages\/53\/revisions"}],"predecessor-version":[{"id":4348,"href":"https:\/\/horrido.info\/index.php?rest_route=\/wp\/v2\/pages\/53\/revisions\/4348"}],"wp:attachment":[{"href":"https:\/\/horrido.info\/index.php?rest_route=%2Fwp%2Fv2%2Fmedia&parent=53"}],"curies":[{"name":"wp","href":"https:\/\/api.w.org\/{rel}","templated":true}]}}