{"id":6028,"date":"2018-07-17T19:04:57","date_gmt":"2018-07-17T19:04:57","guid":{"rendered":"http:\/\/horrido.info\/?page_id=6028"},"modified":"2019-08-25T12:32:38","modified_gmt":"2019-08-25T12:32:38","slug":"koenigsschuss-2018","status":"publish","type":"page","link":"https:\/\/horrido.info\/?page_id=6028","title":{"rendered":"K\u00f6nigsschuss 2018"},"content":{"rendered":"<p><a href=\"http:\/\/horrido.info\/?page_id=5271\" rel=\"prev\"><span class=\"meta-nav\">\u2190<\/span> Fotos aus dem Jahr 2018<\/a><\/p>\n<p>Hier noch einmal der entscheidende Schuss von Unserer Majest\u00e4t Johannes Landwehr im spannenden K\u00f6nigsschie\u00dfen 2018:<\/p>\n<div class=\"wp-playlist wp-video-playlist wp-playlist-light\">\n\t\t<video controls=\"controls\" preload=\"none\" width=\"698\"\n\t\t height=\"392\"\t><\/video>\n\t<div class=\"wp-playlist-next\"><\/div>\n\t<div class=\"wp-playlist-prev\"><\/div>\n\t<noscript>\n\t<ol>\n\t\t<li><a href='https:\/\/horrido.info\/wp-content\/uploads\/2018\/07\/K\u00f6nigsschuss-2018-b.mp4'>K\u00f6nigsschuss 2018 b<\/a><\/li>\t<\/ol>\n\t<\/noscript>\n\t<script type=\"application\/json\" class=\"wp-playlist-script\">{\"type\":\"video\",\"tracklist\":false,\"tracknumbers\":true,\"images\":false,\"artists\":true,\"tracks\":[{\"src\":\"https:\/\/horrido.info\/wp-content\/uploads\/2018\/07\/K\\u00f6nigsschuss-2018-b.mp4\",\"type\":\"video\/mp4\",\"title\":\"K\\u00f6nigsschuss 2018 b\",\"caption\":\"\",\"description\":\"\",\"meta\":{\"length_formatted\":\"1:03\"},\"dimensions\":{\"original\":{\"width\":854,\"height\":480},\"resized\":{\"width\":698,\"height\":392}},\"image\":{\"src\":\"https:\/\/horrido.info\/wp-includes\/images\/media\/video.svg\",\"width\":48,\"height\":64},\"thumb\":{\"src\":\"https:\/\/horrido.info\/wp-includes\/images\/media\/video.svg\",\"width\":48,\"height\":64}}]}<\/script>\n<\/div>\n\t\n","protected":false},"excerpt":{"rendered":"<p>\u2190 Fotos aus dem Jahr 2018 Hier noch einmal der entscheidende Schuss von Unserer Majest\u00e4t Johannes Landwehr im spannenden K\u00f6nigsschie\u00dfen 2018:<\/p>\n","protected":false},"author":1,"featured_media":0,"parent":0,"menu_order":0,"comment_status":"closed","ping_status":"closed","template":"","meta":{"footnotes":""},"class_list":["post-6028","page","type-page","status-publish","hentry"],"_links":{"self":[{"href":"https:\/\/horrido.info\/index.php?rest_route=\/wp\/v2\/pages\/6028","targetHints":{"allow":["GET"]}}],"collection":[{"href":"https:\/\/horrido.info\/index.php?rest_route=\/wp\/v2\/pages"}],"about":[{"href":"https:\/\/horrido.info\/index.php?rest_route=\/wp\/v2\/types\/page"}],"author":[{"embeddable":true,"href":"https:\/\/horrido.info\/index.php?rest_route=\/wp\/v2\/users\/1"}],"replies":[{"embeddable":true,"href":"https:\/\/horrido.info\/index.php?rest_route=%2Fwp%2Fv2%2Fcomments&post=6028"}],"version-history":[{"count":2,"href":"https:\/\/horrido.info\/index.php?rest_route=\/wp\/v2\/pages\/6028\/revisions"}],"predecessor-version":[{"id":6374,"href":"https:\/\/horrido.info\/index.php?rest_route=\/wp\/v2\/pages\/6028\/revisions\/6374"}],"wp:attachment":[{"href":"https:\/\/horrido.info\/index.php?rest_route=%2Fwp%2Fv2%2Fmedia&parent=6028"}],"curies":[{"name":"wp","href":"https:\/\/api.w.org\/{rel}","templated":true}]}}