{"id":6370,"date":"2019-08-25T12:32:09","date_gmt":"2019-08-25T12:32:09","guid":{"rendered":"http:\/\/horrido.info\/?page_id=6370"},"modified":"2019-08-25T12:44:23","modified_gmt":"2019-08-25T12:44:23","slug":"koenigsschuss-2019","status":"publish","type":"page","link":"https:\/\/horrido.info\/?page_id=6370","title":{"rendered":"K\u00f6nigsschuss 2019"},"content":{"rendered":"<p><a href=\"http:\/\/horrido.info\/?page_id=6180\" rel=\"prev\"><span class=\"meta-nav\">\u2190<\/span> Fotos aus dem Jahr 2019<\/a><\/p>\n<p>Hier noch einmal der entscheidende Schuss von Unserer Majest\u00e4t Ralf Heskmap im K\u00f6nigsschie\u00dfen 2019:<\/p>\n<div class=\"wp-playlist wp-video-playlist wp-playlist-light\">\n\t\t<video controls=\"controls\" preload=\"none\" width=\"698\"\n\t\t height=\"392\"\t><\/video>\n\t<div class=\"wp-playlist-next\"><\/div>\n\t<div class=\"wp-playlist-prev\"><\/div>\n\t<noscript>\n\t<ol>\n\t\t<li><a href='https:\/\/horrido.info\/wp-content\/uploads\/2019\/08\/K\u00f6nigsschuss-2019.mp4_PC.mp4'>K\u00f6nigsschuss-2019.mp4_PC<\/a><\/li>\t<\/ol>\n\t<\/noscript>\n\t<script type=\"application\/json\" class=\"wp-playlist-script\">{\"type\":\"video\",\"tracklist\":false,\"tracknumbers\":true,\"images\":false,\"artists\":true,\"tracks\":[{\"src\":\"https:\/\/horrido.info\/wp-content\/uploads\/2019\/08\/K\\u00f6nigsschuss-2019.mp4_PC.mp4\",\"type\":\"video\/mp4\",\"title\":\"K\\u00f6nigsschuss-2019.mp4_PC\",\"caption\":\"\",\"description\":\"\",\"meta\":{\"length_formatted\":\"0:38\"},\"dimensions\":{\"original\":{\"width\":854,\"height\":480},\"resized\":{\"width\":698,\"height\":392}},\"image\":{\"src\":\"https:\/\/horrido.info\/wp-includes\/images\/media\/video.svg\",\"width\":48,\"height\":64},\"thumb\":{\"src\":\"https:\/\/horrido.info\/wp-includes\/images\/media\/video.svg\",\"width\":48,\"height\":64}}]}<\/script>\n<\/div>\n\t\n","protected":false},"excerpt":{"rendered":"<p>\u2190 Fotos aus dem Jahr 2019 Hier noch einmal der entscheidende Schuss von Unserer Majest\u00e4t Ralf Heskmap im K\u00f6nigsschie\u00dfen 2019:<\/p>\n","protected":false},"author":1,"featured_media":0,"parent":0,"menu_order":0,"comment_status":"closed","ping_status":"closed","template":"","meta":{"footnotes":""},"class_list":["post-6370","page","type-page","status-publish","hentry"],"_links":{"self":[{"href":"https:\/\/horrido.info\/index.php?rest_route=\/wp\/v2\/pages\/6370","targetHints":{"allow":["GET"]}}],"collection":[{"href":"https:\/\/horrido.info\/index.php?rest_route=\/wp\/v2\/pages"}],"about":[{"href":"https:\/\/horrido.info\/index.php?rest_route=\/wp\/v2\/types\/page"}],"author":[{"embeddable":true,"href":"https:\/\/horrido.info\/index.php?rest_route=\/wp\/v2\/users\/1"}],"replies":[{"embeddable":true,"href":"https:\/\/horrido.info\/index.php?rest_route=%2Fwp%2Fv2%2Fcomments&post=6370"}],"version-history":[{"count":4,"href":"https:\/\/horrido.info\/index.php?rest_route=\/wp\/v2\/pages\/6370\/revisions"}],"predecessor-version":[{"id":6382,"href":"https:\/\/horrido.info\/index.php?rest_route=\/wp\/v2\/pages\/6370\/revisions\/6382"}],"wp:attachment":[{"href":"https:\/\/horrido.info\/index.php?rest_route=%2Fwp%2Fv2%2Fmedia&parent=6370"}],"curies":[{"name":"wp","href":"https:\/\/api.w.org\/{rel}","templated":true}]}}